{"id":581,"date":"2017-03-07T15:55:49","date_gmt":"2017-03-07T14:55:49","guid":{"rendered":"http:\/\/www.workerwheels.de\/wwcms\/?page_id=581"},"modified":"2024-02-24T06:57:04","modified_gmt":"2024-02-24T05:57:04","slug":"die-motorradveteranen-der-worker-wheels","status":"publish","type":"page","link":"https:\/\/www.workerwheels.de\/wwcms\/die-motorradveteranen-der-worker-wheels\/","title":{"rendered":"Die Motorradveteranen der Worker Wheels"},"content":{"rendered":"<h4>Die Motorradveteranen der Worker Wheels<\/h4>\n<p>Mitglieder, die aus gesundheitlichen oder Altersgr\u00fcnden den Helm f\u00fcr immer auf&#8217;s Regal legen, werden selbstverst\u00e4ndlich nicht ausgeschlossen oder gel\u00f6scht, sondern geh\u00f6ren der Gemeinschaft auch weiterhin an, werden mit Infos versorgt, kommen wenn sie wollen mit dem Auto auf Treffen und werden in den Status der Veteranen erhoben und hier verewigt:<\/p>\n<p><strong>Andreas <\/strong><strong>Emmler, <\/strong>K\u00f6ln<\/p>\n<p><strong>Bernd Obermeier<\/strong>, Wuppertal<\/p>\n<p><strong>Eberhard <\/strong><strong>Kabatnik, <\/strong>F\u00fcrth<\/p>\n<p><strong>J\u00fcrgen (Juc) Werkmeister, <\/strong>Kassel<\/p>\n<p><strong>Markus Probst,<\/strong> Stuttgart<\/p>\n<p><strong>Theo <\/strong><strong>Mispelkamp, <\/strong>Bocholt<\/p>\n<p><strong>Roland Schnabel<\/strong>, Nienburg-Stadthagen<\/p>\n<p>Falls Ihr mit dem Motorradfahren aus den obengenannten Gr\u00fcnden aufh\u00f6rt, dann schreibt mir bitte kurz bescheid. <a href=\"https:\/\/www.workerwheels.de\/wwcms\/kontakt\/\" target=\"_blank\" rel=\"noopener noreferrer\">Kontakt<\/a><\/p>\n","protected":false},"excerpt":{"rendered":"<p>Die Motorradveteranen der Worker Wheels Mitglieder, die aus gesundheitlichen oder Altersgr\u00fcnden den Helm f\u00fcr immer auf&#8217;s Regal legen, werden selbstverst\u00e4ndlich nicht ausgeschlossen oder gel\u00f6scht, sondern geh\u00f6ren der Gemeinschaft auch weiterhin &hellip; <a href=\"https:\/\/www.workerwheels.de\/wwcms\/die-motorradveteranen-der-worker-wheels\/\" class=\"more-link\"><span class=\"screen-reader-text\">\u201eDie Motorradveteranen der Worker Wheels\u201c <\/span>weiterlesen<\/a><\/p>\n","protected":false},"author":1,"featured_media":575,"parent":0,"menu_order":0,"comment_status":"closed","ping_status":"closed","template":"","meta":{"footnotes":""},"class_list":["post-581","page","type-page","status-publish","has-post-thumbnail","hentry"],"_links":{"self":[{"href":"https:\/\/www.workerwheels.de\/wwcms\/wp-json\/wp\/v2\/pages\/581","targetHints":{"allow":["GET"]}}],"collection":[{"href":"https:\/\/www.workerwheels.de\/wwcms\/wp-json\/wp\/v2\/pages"}],"about":[{"href":"https:\/\/www.workerwheels.de\/wwcms\/wp-json\/wp\/v2\/types\/page"}],"author":[{"embeddable":true,"href":"https:\/\/www.workerwheels.de\/wwcms\/wp-json\/wp\/v2\/users\/1"}],"replies":[{"embeddable":true,"href":"https:\/\/www.workerwheels.de\/wwcms\/wp-json\/wp\/v2\/comments?post=581"}],"version-history":[{"count":12,"href":"https:\/\/www.workerwheels.de\/wwcms\/wp-json\/wp\/v2\/pages\/581\/revisions"}],"predecessor-version":[{"id":69371,"href":"https:\/\/www.workerwheels.de\/wwcms\/wp-json\/wp\/v2\/pages\/581\/revisions\/69371"}],"wp:featuredmedia":[{"embeddable":true,"href":"https:\/\/www.workerwheels.de\/wwcms\/wp-json\/wp\/v2\/media\/575"}],"wp:attachment":[{"href":"https:\/\/www.workerwheels.de\/wwcms\/wp-json\/wp\/v2\/media?parent=581"}],"curies":[{"name":"wp","href":"https:\/\/api.w.org\/{rel}","templated":true}]}}