{"id":3631,"date":"2019-11-06T17:33:34","date_gmt":"2019-11-06T16:33:34","guid":{"rendered":"https:\/\/www.workerwheels.de\/wwcms\/?page_id=3631"},"modified":"2022-04-25T17:00:51","modified_gmt":"2022-04-25T15:00:51","slug":"registrierung-bei-den-worker-wheels","status":"publish","type":"page","link":"https:\/\/www.workerwheels.de\/wwcms\/registrierung-bei-den-worker-wheels\/","title":{"rendered":"Registrierung bei den Worker Wheels"},"content":{"rendered":"<p>Die Registrierung bei den Worker Wheels ist ganz einfach:<br \/>\nFormular unten ausf\u00fcllen (mindestens die Pflichtangaben) und abschicken. Du wirst dann schnellstm\u00f6glich vom Administrator freigeschaltet. Du bekommst dann eine Mail zugeschickt, in der ein Link in spitzen Klammern ist &lt; &gt; . Klick auf diesen Link und gib ein Passwort ein. Dann steht Dir die ganze Welt der Worker Wheels offen.<\/p>\n<p><strong>Bei unrichtigen oder unvollst\u00e4ndigen Angaben erfolgt keine Freischaltung<\/strong>. Aufgrund von Spamangriffen in der Vergangenheit sind wir leider zu diesem Schritt gezwungen.<\/p>\n<h5>Registrierung<\/h5>\n<div class=\"caldera-grid\" id=\"caldera_form_1\" data-cf-ver=\"1.9.7\" data-cf-form-id=\"CF5dc2eb0cbdf46\"><div id=\"caldera_notices_1\" data-spinner=\"https:\/\/www.workerwheels.de\/wwcms\/wp-admin\/images\/spinner.gif\"><\/div><form data-instance=\"1\" class=\"CF5dc2eb0cbdf46 caldera_forms_form cfajax-trigger\" method=\"POST\" enctype=\"multipart\/form-data\" id=\"CF5dc2eb0cbdf46_1\" data-form-id=\"CF5dc2eb0cbdf46\" aria-label=\"Registrierung bei den Worker Wheels\" data-target=\"#caldera_notices_1\" data-template=\"#cfajax_CF5dc2eb0cbdf46-tmpl\" data-cfajax=\"CF5dc2eb0cbdf46\" data-load-element=\"_parent\" data-load-class=\"cf_processing\" data-post-disable=\"0\" data-action=\"cf_process_ajax_submit\" data-request=\"https:\/\/www.workerwheels.de\/wwcms\/cf-api\/CF5dc2eb0cbdf46\" data-hiderows=\"true\">\r\n<input type=\"hidden\" id=\"_cf_verify_CF5dc2eb0cbdf46\" name=\"_cf_verify\" value=\"1d2e1822da\"  data-nonce-time=\"1778703782\" \/><input type=\"hidden\" name=\"_wp_http_referer\" value=\"\/wwcms\/wp-json\/wp\/v2\/pages\/3631\" \/><div id=\"cf2-CF5dc2eb0cbdf46_1\"><\/div><input type=\"hidden\" name=\"_cf_frm_id\" value=\"CF5dc2eb0cbdf46\">\r\n<input type=\"hidden\" name=\"_cf_frm_ct\" value=\"1\">\r\n<input type=\"hidden\" name=\"cfajax\" value=\"CF5dc2eb0cbdf46\">\r\n<input type=\"hidden\" name=\"_cf_cr_pst\" value=\"3631\">\r\n<div class=\"hide\" style=\"display:none; overflow:hidden;height:0;width:0;\">\r\n<label>Phone<\/label><input type=\"text\" name=\"phone\" value=\"\" autocomplete=\"off\">\r\n<\/div><div id=\"CF5dc2eb0cbdf46_1-row-1\"  class=\"row  first_row\"><div  class=\"col-sm-12  single\"><div data-field-wrapper=\"fld_2200952\" class=\"form-group\" id=\"fld_2200952_1-wrap\">\r\n\t<label id=\"fld_2200952Label\" for=\"fld_2200952_1\" class=\"control-label\">Benutzername <span aria-hidden=\"true\" role=\"presentation\" class=\"field_required\" style=\"color:#ee0000;\">*<\/span><\/label>\r\n\t<div class=\"\">\r\n\t\t<input   required type=\"text\" data-field=\"fld_2200952\" class=\" form-control\" id=\"fld_2200952_1\" name=\"fld_2200952\" value=\"\" data-type=\"text\" aria-required=\"true\"   aria-labelledby=\"fld_2200952Label\" aria-describedby=\"fld_2200952Caption\" >\t\t<span id=\"fld_2200952Caption\" class=\"help-block\">Kein \u00c4, \u00d6, \u00dc und Sonderzeichen. Der Benutzername kann nachtr\u00e4glich nicht mehr ge\u00e4ndert werden<\/span>\r\n\t<\/div>\r\n<\/div>\r\n<\/div><\/div><div id=\"CF5dc2eb0cbdf46_1-row-2\"  class=\"row \"><div  class=\"col-sm-12  single\"><div data-field-wrapper=\"fld_6312713\" class=\"form-group\" id=\"fld_6312713_1-wrap\">\r\n\t<label id=\"fld_6312713Label\" for=\"fld_6312713_1\" class=\"control-label\">Vorname <span aria-hidden=\"true\" role=\"presentation\" class=\"field_required\" style=\"color:#ee0000;\">*<\/span><\/label>\r\n\t<div class=\"\">\r\n\t\t<input   required type=\"text\" data-field=\"fld_6312713\" class=\" form-control\" id=\"fld_6312713_1\" name=\"fld_6312713\" value=\"\" data-type=\"text\" aria-required=\"true\"   aria-labelledby=\"fld_6312713Label\" >\t\t\t<\/div>\r\n<\/div>\r\n<div data-field-wrapper=\"fld_4084938\" class=\"form-group\" id=\"fld_4084938_1-wrap\">\r\n\t<label id=\"fld_4084938Label\" for=\"fld_4084938_1\" class=\"control-label\">Familienname \/ Nachname <span aria-hidden=\"true\" role=\"presentation\" class=\"field_required\" style=\"color:#ee0000;\">*<\/span><\/label>\r\n\t<div class=\"\">\r\n\t\t<input   required type=\"text\" data-field=\"fld_4084938\" class=\" form-control\" id=\"fld_4084938_1\" name=\"fld_4084938\" value=\"\" data-type=\"text\" aria-required=\"true\"   aria-labelledby=\"fld_4084938Label\" >\t\t\t<\/div>\r\n<\/div>\r\n<div data-field-wrapper=\"fld_5686648\" class=\"form-group\" id=\"fld_5686648_1-wrap\">\r\n\t<label id=\"fld_5686648Label\" for=\"fld_5686648_1\" class=\"control-label\">E-Mail-Adresse <span aria-hidden=\"true\" role=\"presentation\" class=\"field_required\" style=\"color:#ee0000;\">*<\/span><\/label>\r\n\t<div class=\"\">\r\n\t\t<input   required type=\"email\" data-field=\"fld_5686648\" class=\" form-control\" id=\"fld_5686648_1\" name=\"fld_5686648\" value=\"\" data-type=\"email\" aria-required=\"true\"   aria-labelledby=\"fld_5686648Label\" >\t\t\t<\/div>\r\n<\/div>\r\n<\/div><\/div><div id=\"CF5dc2eb0cbdf46_1-row-3\"  class=\"row \"><div  class=\"col-sm-12  single\"><div data-field-wrapper=\"fld_2150929\" class=\"form-group\" id=\"fld_2150929_1-wrap\">\r\n\t<label id=\"fld_2150929Label\" for=\"fld_2150929_1\" class=\"control-label\">Gewerkschaft <span aria-hidden=\"true\" role=\"presentation\" class=\"field_required\" style=\"color:#ee0000;\">*<\/span><\/label>\r\n\t<div class=\"\">\r\n\t\t<select name=\"fld_2150929\" value=\"opt1903781\" data-field=\"fld_2150929\" class=\"form-control\" id=\"fld_2150929_1\"  required=\"required\"  aria-labelledby=\"fld_2150929Label\" >\n\t\t\t\t\t\t\t<option value=\"IG-Metall\"  data-calc-value=\"IG-Metall\" >\n\t\t\t\t\t\tIG-Metall\t\t\t\t\t<\/option>\n\t\t\t\t\t\t\t\t\t\t<option value=\"IG Bau, IG Bauen-Agrar-Umwelt\"  data-calc-value=\"IG Bau, IG Bauen-Agrar-Umwelt\" >\n\t\t\t\t\t\tIG Bau, IG Bauen-Agrar-Umwelt\t\t\t\t\t<\/option>\n\t\t\t\t\t\t\t\t\t\t<option value=\"IG BCE, IG-Bergbau-Chemie-Energie\"  data-calc-value=\"IG BCE, IG-Bergbau-Chemie-Energie\" >\n\t\t\t\t\t\tIG BCE, IG-Bergbau-Chemie-Energie\t\t\t\t\t<\/option>\n\t\t\t\t\t\t\t\t\t\t<option value=\"EVG, Eisenbahn und Verkehrsgewerkschaft\"  data-calc-value=\"EVG, Eisenbahn und Verkehrsgewerkschaft\" >\n\t\t\t\t\t\tEVG, Eisenbahn und Verkehrsgewerkschaft\t\t\t\t\t<\/option>\n\t\t\t\t\t\t\t\t\t\t<option value=\"GEW, Gewerkschaft Erziehung und Wissenschaft\"  data-calc-value=\"GEW, Gewerkschaft Erziehung und Wissenschaft\" >\n\t\t\t\t\t\tGEW, Gewerkschaft Erziehung und Wissenschaft\t\t\t\t\t<\/option>\n\t\t\t\t\t\t\t\t\t\t<option value=\"NGG, Gewerkschaft Nahrung-Genuss-Gastst\u00e4tten\"  data-calc-value=\"NGG, Gewerkschaft Nahrung-Genuss-Gastst\u00e4tten\" >\n\t\t\t\t\t\tNGG, Gewerkschaft Nahrung-Genuss-Gastst\u00e4tten\t\t\t\t\t<\/option>\n\t\t\t\t\t\t\t\t\t\t<option value=\"GdP, Gewerkschaft der Polizei\"  data-calc-value=\"GdP, Gewerkschaft der Polizei\" >\n\t\t\t\t\t\tGdP, Gewerkschaft der Polizei\t\t\t\t\t<\/option>\n\t\t\t\t\t\t\t\t\t\t<option value=\"ver.di - Veriente Dienstleistungsgewerkschaft\"  data-calc-value=\"ver.di - Veriente Dienstleistungsgewerkschaft\" >\n\t\t\t\t\t\tver.di - Veriente Dienstleistungsgewerkschaft\t\t\t\t\t<\/option>\n\t\t\t\t\t\t\t\t\t\t<option value=\"Andere Gewerkschaft\"  data-calc-value=\"Andere Gewerkschaft\" >\n\t\t\t\t\t\tAndere Gewerkschaft\t\t\t\t\t<\/option>\n\t\t\t\t\t\t\t\t\t\t<option value=\"Keine Gewerkschaft\"  data-calc-value=\"Keine Gewerkschaft\" >\n\t\t\t\t\t\tKeine Gewerkschaft\t\t\t\t\t<\/option>\n\t\t\t\t\t\t\t\t\t\t<option value=\"Bitte ausw\u00e4hlen...\" selected=\"selected\" data-calc-value=\"Bitte ausw\u00e4hlen...\" >\n\t\t\t\t\t\tBitte ausw\u00e4hlen...\t\t\t\t\t<\/option>\n\t\t\t\t\t\t\t<\/select>\n\t\t\t<\/div>\r\n<\/div>\r\n<\/div><\/div><div id=\"CF5dc2eb0cbdf46_1-row-4\"  class=\"row \"><div  class=\"col-sm-12  single\"><div data-field-wrapper=\"fld_1207056\" class=\"form-group\" id=\"fld_1207056_1-wrap\">\r\n\t<label id=\"fld_1207056Label\" for=\"fld_1207056_1\" class=\"control-label\">Ort <span aria-hidden=\"true\" role=\"presentation\" class=\"field_required\" style=\"color:#ee0000;\">*<\/span><\/label>\r\n\t<div class=\"\">\r\n\t\t<input   required type=\"text\" data-field=\"fld_1207056\" class=\" form-control\" id=\"fld_1207056_1\" name=\"fld_1207056\" value=\"\" data-type=\"text\" aria-required=\"true\"   aria-labelledby=\"fld_1207056Label\" >\t\t\t<\/div>\r\n<\/div>\r\n<\/div><\/div><div id=\"CF5dc2eb0cbdf46_1-row-5\"  class=\"row \"><div  class=\"col-sm-12  single\"><div data-field-wrapper=\"fld_8145462\" class=\"form-group\" id=\"fld_8145462_1-wrap\">\r\n\t<label id=\"fld_8145462Label\" for=\"fld_8145462_1\" class=\"control-label\">Bezirk <span aria-hidden=\"true\" role=\"presentation\" class=\"field_required\" style=\"color:#ee0000;\">*<\/span><\/label>\r\n\t<div class=\"\">\r\n\t\t<select name=\"fld_8145462\" value=\"opt1251995\" data-field=\"fld_8145462\" class=\"form-control\" id=\"fld_8145462_1\"  required=\"required\"  aria-labelledby=\"fld_8145462Label\" >\n\t\t\t\t\t\t\t<option value=\"Baden-W\u00fcrtemberg\"  data-calc-value=\"Baden-W\u00fcrtemberg\" >\n\t\t\t\t\t\tBaden-W\u00fcrtemberg\t\t\t\t\t<\/option>\n\t\t\t\t\t\t\t\t\t\t<option value=\"Bayern\"  data-calc-value=\"Bayern\" >\n\t\t\t\t\t\tBayern\t\t\t\t\t<\/option>\n\t\t\t\t\t\t\t\t\t\t<option value=\"Berlin-Brandenburg-Sachsen\"  data-calc-value=\"Berlin-Brandenburg-Sachsen\" >\n\t\t\t\t\t\tBerlin-Brandenburg-Sachsen\t\t\t\t\t<\/option>\n\t\t\t\t\t\t\t\t\t\t<option value=\"K\u00fcste\"  data-calc-value=\"K\u00fcste\" >\n\t\t\t\t\t\tK\u00fcste\t\t\t\t\t<\/option>\n\t\t\t\t\t\t\t\t\t\t<option value=\"Mitte\"  data-calc-value=\"Mitte\" >\n\t\t\t\t\t\tMitte\t\t\t\t\t<\/option>\n\t\t\t\t\t\t\t\t\t\t<option value=\"Niedersachsen-Sachsen-Anhalt\"  data-calc-value=\"Niedersachsen-Sachsen-Anhalt\" >\n\t\t\t\t\t\tNiedersachsen-Sachsen-Anhalt\t\t\t\t\t<\/option>\n\t\t\t\t\t\t\t\t\t\t<option value=\"Nordrhein-Westfalen\"  data-calc-value=\"Nordrhein-Westfalen\" >\n\t\t\t\t\t\tNordrhein-Westfalen\t\t\t\t\t<\/option>\n\t\t\t\t\t\t\t\t\t\t<option value=\"International\"  data-calc-value=\"International\" >\n\t\t\t\t\t\tInternational\t\t\t\t\t<\/option>\n\t\t\t\t\t\t\t\t\t\t<option value=\"Ich wei\u00df nicht...\"  data-calc-value=\"Ich wei\u00df nicht...\" >\n\t\t\t\t\t\tIch wei\u00df nicht...\t\t\t\t\t<\/option>\n\t\t\t\t\t\t\t\t\t\t<option value=\"Bitte ausw\u00e4hlen...\" selected=\"selected\" data-calc-value=\"Bitte ausw\u00e4hlen...\" >\n\t\t\t\t\t\tBitte ausw\u00e4hlen...\t\t\t\t\t<\/option>\n\t\t\t\t\t\t\t<\/select>\n\t\t\t<\/div>\r\n<\/div>\r\n<\/div><\/div><div id=\"CF5dc2eb0cbdf46_1-row-6\"  class=\"row \"><div  class=\"col-sm-12  single\"><div data-field-wrapper=\"fld_5776208\" class=\"form-group\" id=\"fld_5776208_1-wrap\">\r\n\t<label id=\"fld_5776208Label\" for=\"fld_5776208_1\" class=\"control-label\">Funktion BR, VK, VL, BV<\/label>\r\n\t<div class=\"\">\r\n\t\t<input    type=\"text\" data-field=\"fld_5776208\" class=\" form-control\" id=\"fld_5776208_1\" name=\"fld_5776208\" value=\"\" data-type=\"text\"   aria-labelledby=\"fld_5776208Label\" >\t\t\t<\/div>\r\n<\/div>\r\n<div data-field-wrapper=\"fld_2966449\" class=\"form-group\" id=\"fld_2966449_1-wrap\">\r\n\t<label id=\"fld_2966449Label\" for=\"fld_2966449_1\" class=\"control-label\">Betrieb \/ Ort<\/label>\r\n\t<div class=\"\">\r\n\t\t<input    type=\"text\" data-field=\"fld_2966449\" class=\" form-control\" id=\"fld_2966449_1\" name=\"fld_2966449\" value=\"\" data-type=\"text\"   aria-labelledby=\"fld_2966449Label\" >\t\t\t<\/div>\r\n<\/div>\r\n<div data-field-wrapper=\"fld_7888354\" class=\"form-group\" id=\"fld_7888354_1-wrap\">\r\n\t<label id=\"fld_7888354Label\" for=\"fld_7888354_1\" class=\"control-label\">Maschine \/ Sozia<\/label>\r\n\t<div class=\"\">\r\n\t\t<input    type=\"text\" data-field=\"fld_7888354\" class=\" form-control\" id=\"fld_7888354_1\" name=\"fld_7888354\" value=\"\" data-type=\"text\"   aria-labelledby=\"fld_7888354Label\" >\t\t\t<\/div>\r\n<\/div>\r\n<div data-field-wrapper=\"fld_9611520\" class=\"form-group\" id=\"fld_9611520_1-wrap\">\r\n\t<label id=\"fld_9611520Label\" for=\"fld_9611520_1\" class=\"control-label\">Hubraum (ccm)<\/label>\r\n\t<div class=\"\">\r\n\t\t<input    type=\"text\" data-field=\"fld_9611520\" class=\" form-control\" id=\"fld_9611520_1\" name=\"fld_9611520\" value=\"\" data-type=\"text\"   aria-labelledby=\"fld_9611520Label\" >\t\t\t<\/div>\r\n<\/div>\r\n<div data-field-wrapper=\"fld_4685409\" class=\"form-group\" id=\"fld_4685409_1-wrap\">\r\n\t<label id=\"fld_4685409Label\" for=\"fld_4685409_1\" class=\"control-label\">Leistung (PS)<\/label>\r\n\t<div class=\"\">\r\n\t\t<input    type=\"text\" data-field=\"fld_4685409\" class=\" form-control\" id=\"fld_4685409_1\" name=\"fld_4685409\" value=\"\" data-type=\"text\"   aria-labelledby=\"fld_4685409Label\" >\t\t\t<\/div>\r\n<\/div>\r\n<div data-field-wrapper=\"fld_541404\" class=\"form-group\" id=\"fld_541404_1-wrap\">\r\n\t<label id=\"fld_541404Label\" for=\"fld_541404_1\" class=\"control-label\">Gewicht (Kg)<\/label>\r\n\t<div class=\"\">\r\n\t\t<input    type=\"text\" data-field=\"fld_541404\" class=\" form-control\" id=\"fld_541404_1\" name=\"fld_541404\" value=\"\" data-type=\"text\"   aria-labelledby=\"fld_541404Label\" aria-describedby=\"fld_541404Caption\" >\t\t<span id=\"fld_541404Caption\" class=\"help-block\">Gewicht der Maschine \ud83d\ude09<\/span>\r\n\t<\/div>\r\n<\/div>\r\n<div data-field-wrapper=\"fld_9373670\" class=\"form-group\" id=\"fld_9373670_1-wrap\">\r\n\t<label id=\"fld_9373670Label\" for=\"fld_9373670_1\" class=\"control-label\">Was ich noch mitteilen m\u00f6chte<\/label>\r\n\t<div class=\"\">\r\n\t\t<input    type=\"text\" data-field=\"fld_9373670\" class=\" form-control\" id=\"fld_9373670_1\" name=\"fld_9373670\" value=\"\" data-type=\"text\"   aria-labelledby=\"fld_9373670Label\" >\t\t\t<\/div>\r\n<\/div>\r\n<\/div><\/div><div id=\"CF5dc2eb0cbdf46_1-row-7\"  class=\"row  last_row\"><div  class=\"col-sm-12  single\"><div data-field-wrapper=\"fld_9132149\" class=\"form-group\" id=\"fld_9132149_1-wrap\">\r\n<div class=\"\">\r\n\t<input  class=\"btn btn-default\" type=\"submit\" name=\"fld_9132149\" id=\"fld_9132149_1\" value=\"Registrierung abschicken\" data-field=\"fld_9132149\"  >\n<\/div>\r\n<\/div>\r\n\t<input class=\"button_trigger_1\" type=\"hidden\" name=\"fld_9132149\" id=\"fld_9132149_1_btn\" value=\"\" data-field=\"fld_9132149\"  \/>\n<\/div><\/div><\/form>\r\n<\/div>\r\n\n","protected":false},"excerpt":{"rendered":"<p>Die Registrierung bei den Worker Wheels ist ganz einfach: Formular unten ausf\u00fcllen (mindestens die Pflichtangaben) und abschicken. Du wirst dann schnellstm\u00f6glich vom Administrator freigeschaltet. Du bekommst dann eine Mail zugeschickt, &hellip; <a href=\"https:\/\/www.workerwheels.de\/wwcms\/registrierung-bei-den-worker-wheels\/\" class=\"more-link\"><span class=\"screen-reader-text\">\u201eRegistrierung bei den Worker Wheels\u201c <\/span>weiterlesen<\/a><\/p>\n","protected":false},"author":1,"featured_media":0,"parent":0,"menu_order":0,"comment_status":"closed","ping_status":"closed","template":"","meta":{"footnotes":""},"class_list":["post-3631","page","type-page","status-publish","hentry"],"_links":{"self":[{"href":"https:\/\/www.workerwheels.de\/wwcms\/wp-json\/wp\/v2\/pages\/3631","targetHints":{"allow":["GET"]}}],"collection":[{"href":"https:\/\/www.workerwheels.de\/wwcms\/wp-json\/wp\/v2\/pages"}],"about":[{"href":"https:\/\/www.workerwheels.de\/wwcms\/wp-json\/wp\/v2\/types\/page"}],"author":[{"embeddable":true,"href":"https:\/\/www.workerwheels.de\/wwcms\/wp-json\/wp\/v2\/users\/1"}],"replies":[{"embeddable":true,"href":"https:\/\/www.workerwheels.de\/wwcms\/wp-json\/wp\/v2\/comments?post=3631"}],"version-history":[{"count":6,"href":"https:\/\/www.workerwheels.de\/wwcms\/wp-json\/wp\/v2\/pages\/3631\/revisions"}],"predecessor-version":[{"id":69138,"href":"https:\/\/www.workerwheels.de\/wwcms\/wp-json\/wp\/v2\/pages\/3631\/revisions\/69138"}],"wp:attachment":[{"href":"https:\/\/www.workerwheels.de\/wwcms\/wp-json\/wp\/v2\/media?parent=3631"}],"curies":[{"name":"wp","href":"https:\/\/api.w.org\/{rel}","templated":true}]}}