{"id":14,"date":"2017-01-23T15:57:47","date_gmt":"2017-01-23T14:57:47","guid":{"rendered":"http:\/\/www.workerwheels.de\/wwcms\/?page_id=14"},"modified":"2025-04-18T11:39:54","modified_gmt":"2025-04-18T09:39:54","slug":"willkommen","status":"publish","type":"page","link":"https:\/\/www.workerwheels.de\/wwcms\/","title":{"rendered":"Willkommen"},"content":{"rendered":"<p>&nbsp;<\/p>\n<p>Wir sind ein Netzwerk von Gewerkschafts-Mitgliedern (DGB-Gewerkschaften!), die die gleiche Leidenschaft haben, n\u00e4mlich: das Motorrad!<\/p>\n<p>F\u00fcr alle, die genauso denken, ist dies die M\u00f6glichkeit, in einer lockeren Runde (es gibt bei uns keine festen Organisationsstrukturen) &#8211; virtuell verbunden zu sein.<\/p>\n<p>Ziel dieses Netzwerkes ist es, eine Plattform f\u00fcr gemeinsame Tourplanungen, gegenseitige Tour-Berichte und Diskussionen rund ums Motorrad und unsere gemeinsame gewerkschaftliche Arbeit zu sein.<\/p>\n<h5><strong>\u201eMotorradfahren ist das Sch\u00f6nste was man angezogen machen kann.\u201c<\/strong><\/h5>\n<p>Diese Seite ist unabh\u00e4ngig und nur der Gemeinschaft der Worker-Wheels verpflichtet.<\/p>\n<p>Wenn Ihr Euch anmeldet, findet Ihr hier einen Communitybereich mit vielen Informationen und vielen M\u00f6glichkeiten mit Gleichgesinnten Kontakt aufzunehmen. Ihr k\u00f6nnt nat\u00fcrlich auch selbst Beitr\u00e4ge und Berichte schreiben. In diesem Fall setzt Euch bitte mit uns \u00fcber das <a href=\"https:\/\/www.workerwheels.de\/wwcms\/kontakt\/\">Kontaktformular<\/a> in Verbindung. Dar\u00fcber hinaus verf\u00fcgen wir \u00fcber einen Onlinespeicher und Forum mit Marktplatz in dem Ihr kostenlos Kleinanzeigen aufgeben k\u00f6nnt. Es erscheint auch in unregelm\u00e4\u00dfigen Abst\u00e4nden ein Newsletter.<\/p>\n<p>So eine\u00a0 Community lebt von der Beteiligung Aller.<\/p>\n<p>Gleich hier <a href=\"https:\/\/www.workerwheels.de\/wwcms\/registrierung-bei-den-worker-wheels\/\">registrieren<\/a> und beitreten &#8211; Ausser 5 Minuten Zeit kostet es nichts.<\/p>\n<p>Und jetzt viel Spa\u00df bei den Worker Wheels.<\/p>\n<p><img loading=\"lazy\" decoding=\"async\" class=\"wp-image-2445 size-medium aligncenter\" src=\"https:\/\/www.workerwheels.de\/wwcms\/wp-content\/uploads\/2018\/07\/logo400-300x300.png\" alt=\"\" width=\"300\" height=\"300\" srcset=\"https:\/\/www.workerwheels.de\/wwcms\/wp-content\/uploads\/2018\/07\/logo400-300x300.png 300w, https:\/\/www.workerwheels.de\/wwcms\/wp-content\/uploads\/2018\/07\/logo400-150x150.png 150w, https:\/\/www.workerwheels.de\/wwcms\/wp-content\/uploads\/2018\/07\/logo400.png 400w\" sizes=\"auto, (max-width: 300px) 85vw, 300px\" \/><\/p>\n<p style=\"text-align: center;\"><img loading=\"lazy\" decoding=\"async\" class=\"alignnone wp-image-3607\" src=\"https:\/\/www.workerwheels.de\/wwcms\/wp-content\/uploads\/2019\/10\/dgbgewerkschaften-300x36.png\" alt=\"\" width=\"350\" height=\"42\" srcset=\"https:\/\/www.workerwheels.de\/wwcms\/wp-content\/uploads\/2019\/10\/dgbgewerkschaften-300x36.png 300w, https:\/\/www.workerwheels.de\/wwcms\/wp-content\/uploads\/2019\/10\/dgbgewerkschaften-768x91.png 768w, https:\/\/www.workerwheels.de\/wwcms\/wp-content\/uploads\/2019\/10\/dgbgewerkschaften.png 774w\" sizes=\"auto, (max-width: 350px) 85vw, 350px\" \/><\/p>\n","protected":false},"excerpt":{"rendered":"<p>&nbsp; Wir sind ein Netzwerk von Gewerkschafts-Mitgliedern (DGB-Gewerkschaften!), die die gleiche Leidenschaft haben, n\u00e4mlich: das Motorrad! F\u00fcr alle, die genauso denken, ist dies die M\u00f6glichkeit, in einer lockeren Runde (es &hellip; <a href=\"https:\/\/www.workerwheels.de\/wwcms\/\" class=\"more-link\"><span class=\"screen-reader-text\">\u201eWillkommen\u201c <\/span>weiterlesen<\/a><\/p>\n","protected":false},"author":1,"featured_media":0,"parent":0,"menu_order":0,"comment_status":"closed","ping_status":"closed","template":"","meta":{"footnotes":""},"class_list":["post-14","page","type-page","status-publish","hentry"],"_links":{"self":[{"href":"https:\/\/www.workerwheels.de\/wwcms\/wp-json\/wp\/v2\/pages\/14","targetHints":{"allow":["GET"]}}],"collection":[{"href":"https:\/\/www.workerwheels.de\/wwcms\/wp-json\/wp\/v2\/pages"}],"about":[{"href":"https:\/\/www.workerwheels.de\/wwcms\/wp-json\/wp\/v2\/types\/page"}],"author":[{"embeddable":true,"href":"https:\/\/www.workerwheels.de\/wwcms\/wp-json\/wp\/v2\/users\/1"}],"replies":[{"embeddable":true,"href":"https:\/\/www.workerwheels.de\/wwcms\/wp-json\/wp\/v2\/comments?post=14"}],"version-history":[{"count":124,"href":"https:\/\/www.workerwheels.de\/wwcms\/wp-json\/wp\/v2\/pages\/14\/revisions"}],"predecessor-version":[{"id":69406,"href":"https:\/\/www.workerwheels.de\/wwcms\/wp-json\/wp\/v2\/pages\/14\/revisions\/69406"}],"wp:attachment":[{"href":"https:\/\/www.workerwheels.de\/wwcms\/wp-json\/wp\/v2\/media?parent=14"}],"curies":[{"name":"wp","href":"https:\/\/api.w.org\/{rel}","templated":true}]}}